{"id":1073,"date":"2025-10-23T12:01:09","date_gmt":"2025-10-23T10:01:09","guid":{"rendered":"https:\/\/non-dilutive-funding.com\/rechtliche-hinweise\/"},"modified":"2026-01-19T15:39:01","modified_gmt":"2026-01-19T14:39:01","slug":"rechtliche-hinweise","status":"publish","type":"page","link":"https:\/\/non-dilutive-funding.com\/de\/rechtliche-hinweise\/","title":{"rendered":"Rechtliche Hinweise"},"content":{"rendered":"\t\t<div data-elementor-type=\"wp-page\" data-elementor-id=\"1073\" class=\"elementor elementor-1073 elementor-681\" data-elementor-post-type=\"page\">\n\t\t\t\t<div class=\"elementor-element elementor-element-6638d1b e-flex e-con-boxed e-con e-parent\" data-id=\"6638d1b\" data-element_type=\"container\" data-e-type=\"container\" data-settings=\"{&quot;background_background&quot;:&quot;classic&quot;}\">\n\t\t\t\t\t<div class=\"e-con-inner\">\n\t\t\t\t<div class=\"elementor-element elementor-element-8a8be29 elementor-widget__width-inherit elementor-widget elementor-widget-heading\" data-id=\"8a8be29\" data-element_type=\"widget\" data-e-type=\"widget\" data-widget_type=\"heading.default\">\n\t\t\t\t\t<h1 class=\"elementor-heading-title elementor-size-default\">Rechtliche Hinweise<\/h1>\t\t\t\t<\/div>\n\t\t\t\t\t<\/div>\n\t\t\t\t<\/div>\n\t\t<div class=\"elementor-element elementor-element-ecd82d5 e-flex e-con-boxed e-con e-child\" data-id=\"ecd82d5\" data-element_type=\"container\" data-e-type=\"container\" data-settings=\"{&quot;background_background&quot;:&quot;classic&quot;}\">\n\t\t\t\t\t<div class=\"e-con-inner\">\n\t\t<div class=\"elementor-element elementor-element-10b302e e-con-full e-flex e-con e-child\" data-id=\"10b302e\" data-element_type=\"container\" data-e-type=\"container\">\n\t\t\t\t<div class=\"elementor-element elementor-element-f63d901 elementor-widget elementor-widget-text-editor\" data-id=\"f63d901\" data-element_type=\"widget\" data-e-type=\"widget\" data-widget_type=\"text-editor.default\">\n\t\t\t\t\t\t\t\t\t<h2 data-start=\"157\" data-end=\"173\"><strong data-start=\"160\" data-end=\"171\">Impressum<\/strong><\/h2><p data-start=\"174\" data-end=\"209\"><strong>Angaben gem\u00e4\u00df \u00a7 5 Digitale Dienste Gesetz (DDG)<\/strong><\/p><p data-start=\"211\" data-end=\"300\"><strong data-start=\"211\" data-end=\"254\">Key Progress Makers Advisory GmbH<\/strong><br data-start=\"254\" data-end=\"257\">Brandaustra\u00dfe 11, 12277 Berlin,<br data-start=\"290\" data-end=\"293\">Germany<\/p><p data-start=\"302\" data-end=\"374\">Vertreten durch den Gesch\u00e4ftsf\u00fchrer:<br data-start=\"344\" data-end=\"347\">Kai Philipp Malzer<\/p><p data-start=\"376\" data-end=\"419\"><strong data-start=\"376\" data-end=\"388\">Kontakt:<\/strong><br data-start=\"388\" data-end=\"391\">Email: <a class=\"decorated-link cursor-pointer\" rel=\"noopener\" data-start=\"398\" data-end=\"419\">info@non-dilutive-funding.com<\/a><\/p><p data-start=\"421\" data-end=\"543\">Eingetragen im Handelsregister:<br data-start=\"463\" data-end=\"466\">HRB 280986<\/p><p data-start=\"545\" data-end=\"612\">Umsatzsteuer-Identifikationsnummer gem\u00e4\u00df \u00a7 27a Umsatzsteuergesetz:<br data-start=\"598\" data-end=\"601\">DE458454610<\/p><p data-start=\"614\" data-end=\"731\"><strong data-start=\"614\" data-end=\"672\">Verantwortlich f\u00fcr den Inhalt gem\u00e4\u00df \u00a7 55 Abs. 2 RStV:<\/strong><br data-start=\"672\" data-end=\"675\">Kai Malzer<br data-start=\"685\" data-end=\"688\">Brandaustra\u00dfe 11, 12277 Berlin,<br data-start=\"290\" data-end=\"293\">Deutschland<\/p><hr data-start=\"733\" data-end=\"736\"><h3 data-start=\"738\" data-end=\"764\"><strong data-start=\"742\" data-end=\"764\">Streitbeilegung<\/strong><\/h3><p data-start=\"766\" data-end=\"1046\">Die Europ\u00e4ische Kommission stellt eine Plattform zur Online-Streitbeilegung (OS) bereit:<br data-start=\"846\" data-end=\"849\"><a class=\"decorated-link\" href=\"https:\/\/ec.europa.eu\/consumers\/odr\" target=\"_new\" rel=\"noopener\" data-start=\"849\" data-end=\"921\">https:\/\/ec.europa.eu\/consumers\/odr<\/a><br data-start=\"921\" data-end=\"924\">Wir sind weder bereit noch verpflichtet, an Streitbeilegungsverfahren vor einer Verbraucherschlichtungsstelle teilzunehmen.<\/p><hr data-start=\"1048\" data-end=\"1051\"><h3 data-start=\"1053\" data-end=\"1095\"><strong data-start=\"1057\" data-end=\"1095\">Haftungsausschluss: Keine Steuer- oder Rechtsberatung<\/strong><\/h3><p data-start=\"1097\" data-end=\"1547\">Alle von der Key Progress Makers Advisory GmbH angebotenen L\u00f6sungen und Empfehlungen \u2013 ob m\u00fcndlich oder schriftlich kommuniziert \u2013 basieren auf praktischen Erfahrungen und dienen ausschlie\u00dflich der Veranschaulichung von Gesch\u00e4ftsoptionen.<br data-start=\"1313\" data-end=\"1316\">Sie stellen keine steuerliche oder rechtliche Beratung nach deutschem Recht dar und ersetzen nicht die Dienstleistungen von Steuerberatern oder Rechtsanw\u00e4lten gem\u00e4\u00df StBerG (Steuerberatungsgesetz) oder RBerG (Rechtsberatungsgesetz).<br>\u00dcbersetzt mit DeepL.com (kostenlose Version)<\/p>\t\t\t\t\t\t\t\t<\/div>\n\t\t\t\t<\/div>\n\t\t\t\t\t<\/div>\n\t\t\t\t<\/div>\n\t\t\t\t<\/div>\n\t\t","protected":false},"excerpt":{"rendered":"<p>Rechtliche Hinweise Impressum Angaben gem\u00e4\u00df \u00a7 5 Digitale Dienste Gesetz (DDG) Key Progress Makers Advisory GmbHBrandaustra\u00dfe 11, 12277 Berlin,Germany Vertreten durch den Gesch\u00e4ftsf\u00fchrer:Kai Philipp Malzer Kontakt:Email: info@non-dilutive-funding.com Eingetragen im Handelsregister:HRB 280986 Umsatzsteuer-Identifikationsnummer gem\u00e4\u00df \u00a7 27a Umsatzsteuergesetz:DE458454610 Verantwortlich f\u00fcr den Inhalt gem\u00e4\u00df \u00a7 55 Abs. 2 RStV:Kai MalzerBrandaustra\u00dfe 11, 12277 Berlin,Deutschland Streitbeilegung Die Europ\u00e4ische Kommission stellt [&hellip;]<\/p>\n","protected":false},"author":1,"featured_media":0,"parent":0,"menu_order":0,"comment_status":"closed","ping_status":"closed","template":"","meta":{"_acf_changed":false,"footnotes":""},"class_list":["post-1073","page","type-page","status-publish","hentry"],"acf":[],"_links":{"self":[{"href":"https:\/\/non-dilutive-funding.com\/de\/wp-json\/wp\/v2\/pages\/1073","targetHints":{"allow":["GET"]}}],"collection":[{"href":"https:\/\/non-dilutive-funding.com\/de\/wp-json\/wp\/v2\/pages"}],"about":[{"href":"https:\/\/non-dilutive-funding.com\/de\/wp-json\/wp\/v2\/types\/page"}],"author":[{"embeddable":true,"href":"https:\/\/non-dilutive-funding.com\/de\/wp-json\/wp\/v2\/users\/1"}],"replies":[{"embeddable":true,"href":"https:\/\/non-dilutive-funding.com\/de\/wp-json\/wp\/v2\/comments?post=1073"}],"version-history":[{"count":10,"href":"https:\/\/non-dilutive-funding.com\/de\/wp-json\/wp\/v2\/pages\/1073\/revisions"}],"predecessor-version":[{"id":2109,"href":"https:\/\/non-dilutive-funding.com\/de\/wp-json\/wp\/v2\/pages\/1073\/revisions\/2109"}],"wp:attachment":[{"href":"https:\/\/non-dilutive-funding.com\/de\/wp-json\/wp\/v2\/media?parent=1073"}],"curies":[{"name":"wp","href":"https:\/\/api.w.org\/{rel}","templated":true}]}}