{"id":1101,"date":"2025-10-23T11:53:15","date_gmt":"2025-10-23T09:53:15","guid":{"rendered":"https:\/\/non-dilutive-funding.com\/datenschutzrichtlinie\/"},"modified":"2026-01-19T16:20:43","modified_gmt":"2026-01-19T15:20:43","slug":"datenschutzrichtlinie","status":"publish","type":"page","link":"https:\/\/non-dilutive-funding.com\/de\/datenschutzrichtlinie\/","title":{"rendered":"Datenschutzrichtlinie"},"content":{"rendered":"\t\t<div data-elementor-type=\"wp-page\" data-elementor-id=\"1101\" class=\"elementor elementor-1101 elementor-676\" data-elementor-post-type=\"page\">\n\t\t\t\t<div class=\"elementor-element elementor-element-ff8c5df e-flex e-con-boxed e-con e-parent\" data-id=\"ff8c5df\" data-element_type=\"container\" data-e-type=\"container\" data-settings=\"{&quot;background_background&quot;:&quot;classic&quot;}\">\n\t\t\t\t\t<div class=\"e-con-inner\">\n\t\t\t\t<div class=\"elementor-element elementor-element-efabaf4 elementor-widget__width-inherit elementor-widget elementor-widget-heading\" data-id=\"efabaf4\" data-element_type=\"widget\" data-e-type=\"widget\" data-widget_type=\"heading.default\">\n\t\t\t\t\t<h1 class=\"elementor-heading-title elementor-size-default\">Datenschutzrichtlinie<\/h1>\t\t\t\t<\/div>\n\t\t\t\t\t<\/div>\n\t\t\t\t<\/div>\n\t\t<div class=\"elementor-element elementor-element-e554aef e-flex e-con-boxed e-con e-child\" data-id=\"e554aef\" data-element_type=\"container\" data-e-type=\"container\" data-settings=\"{&quot;background_background&quot;:&quot;classic&quot;}\">\n\t\t\t\t\t<div class=\"e-con-inner\">\n\t\t<div class=\"elementor-element elementor-element-86ff1b4 e-con-full e-flex e-con e-child\" data-id=\"86ff1b4\" data-element_type=\"container\" data-e-type=\"container\">\n\t\t\t\t<div class=\"elementor-element elementor-element-a777ef5 elementor-widget elementor-widget-text-editor\" data-id=\"a777ef5\" data-element_type=\"widget\" data-e-type=\"widget\" data-widget_type=\"text-editor.default\">\n\t\t\t\t\t\t\t\t\t<h3 data-start=\"437\" data-end=\"456\">1. <strong data-start=\"444\" data-end=\"456\">\u00dcberblick<\/strong><\/h3><h4 data-start=\"458\" data-end=\"488\">Was diese Richtlinie abdeckt<\/h4><p data-start=\"489\" data-end=\"705\">Diese Datenschutzerkl\u00e4rung erl\u00e4utert, wie wir Ihre personenbezogenen Daten erfassen, verarbeiten und sch\u00fctzen, wenn Sie unsere Website besuchen oder mit uns interagieren. \u201ePersonenbezogene Daten\u201c sind alle Informationen, die Sie direkt oder indirekt identifizieren k\u00f6nnen. <\/p><hr data-start=\"707\" data-end=\"710\"><h3 data-start=\"712\" data-end=\"741\">2. <strong data-start=\"719\" data-end=\"741\">Kontakt des Verantwortlichen<\/strong><\/h3><p data-start=\"743\" data-end=\"931\">Verantwortlicher f\u00fcr die Datenverarbeitung:<br data-start=\"763\" data-end=\"766\">Key Progress Makers Advisory GmbH<br data-start=\"805\" data-end=\"808\">Gesch\u00e4ftsf\u00fchrer: Kai Philipp Malzer<br data-start=\"855\" data-end=\"858\">Brandaustra\u00dfe 11,<br data-start=\"872\" data-end=\"875\">12277 Berlin, Germany<br data-start=\"900\" data-end=\"903\">Email: <strong data-start=\"743\" data-end=\"763\"><a class=\"decorated-link cursor-pointer\" rel=\"noopener\" data-start=\"910\" data-end=\"931\">info@non-dilutive-funding.com<\/a><\/strong><\/p><hr data-start=\"933\" data-end=\"936\"><h3 data-start=\"938\" data-end=\"968\">3. <strong data-start=\"945\" data-end=\"968\">Wie wir Daten erfassen<\/strong><\/h3><p data-start=\"970\" data-end=\"1003\">Wir erfassen Ihre Daten auf zwei Arten:<\/p><ul data-start=\"1005\" data-end=\"1254\"><li data-start=\"1005\" data-end=\"1090\"><p data-start=\"1007\" data-end=\"1090\"><strong data-start=\"1007\" data-end=\"1029\">Direkt von Ihnen:<\/strong> Zum Beispiel, wenn Sie Informationen in ein Kontaktformular eingeben.<\/p><\/li><li data-start=\"1091\" data-end=\"1254\"><p data-start=\"1093\" data-end=\"1254\"><strong data-start=\"1093\" data-end=\"1111\">Automatisch:<\/strong> Technische Daten wie Browsertyp, Betriebssystem, IP-Adresse und Zugriffszeit werden automatisch \u00fcber Serverprotokolle und Cookies erfasst.<\/p><\/li><\/ul><hr data-start=\"1256\" data-end=\"1259\"><h3 data-start=\"1261\" data-end=\"1296\">4. <strong data-start=\"1268\" data-end=\"1296\">Warum wir Ihre Daten verarbeiten<\/strong><\/h3><p data-start=\"1298\" data-end=\"1342\">Wir verwenden Ihre Daten f\u00fcr folgende Zwecke:<\/p><ul data-start=\"1344\" data-end=\"1511\"><li data-start=\"1344\" data-end=\"1382\"><p data-start=\"1346\" data-end=\"1382\">Um eine reibungslose Website-Performance zu gew\u00e4hrleisten<\/p><\/li><li data-start=\"1383\" data-end=\"1413\"><p data-start=\"1385\" data-end=\"1413\">Um auf Ihre Anfragen zu antworten<\/p><\/li><li data-start=\"1414\" data-end=\"1480\"><p data-start=\"1416\" data-end=\"1480\">Um das Nutzerverhalten zur Optimierung zu analysieren (mit anonymisierten Daten)<\/p><\/li><li data-start=\"1481\" data-end=\"1511\"><p data-start=\"1483\" data-end=\"1511\">Um rechtliche Verpflichtungen zu erf\u00fcllen<\/p><\/li><\/ul><hr data-start=\"1513\" data-end=\"1516\"><h3 data-start=\"1518\" data-end=\"1555\">5. <strong data-start=\"1525\" data-end=\"1555\">Rechtsgrundlage f\u00fcr die Verarbeitung<\/strong><\/h3><p data-start=\"1557\" data-end=\"1591\">Wir verarbeiten personenbezogene Daten auf folgender Grundlage:<\/p><ul data-start=\"1593\" data-end=\"1814\"><li data-start=\"1593\" data-end=\"1631\"><p data-start=\"1595\" data-end=\"1631\"><strong data-start=\"1595\" data-end=\"1616\">Art. 6(1)(a) DSGVO<\/strong> \u2013 Ihre Einwilligung<\/p><\/li><li data-start=\"1632\" data-end=\"1726\"><p data-start=\"1634\" data-end=\"1726\"><strong data-start=\"1634\" data-end=\"1655\">Art. 6(1)(b) DSGVO<\/strong> \u2013 Erf\u00fcllung eines Vertrags oder Durchf\u00fchrung vorvertraglicher Ma\u00dfnahmen<\/p><\/li><li data-start=\"1727\" data-end=\"1814\"><p data-start=\"1729\" data-end=\"1814\"><strong data-start=\"1729\" data-end=\"1750\">Art. 6(1)(f) DSGVO<\/strong> \u2013 Berechtigtes Interesse (z. B. Website-Optimierung und -Sicherheit)<\/p><\/li><\/ul><hr data-start=\"1816\" data-end=\"1819\"><h3 data-start=\"1821\" data-end=\"1843\">6. <strong data-start=\"1828\" data-end=\"1843\">Ihre Rechte<\/strong><\/h3><p data-start=\"1845\" data-end=\"1867\">Sie haben das Recht:<\/p><ul data-start=\"1869\" data-end=\"2095\"><li data-start=\"1869\" data-end=\"1898\"><p data-start=\"1871\" data-end=\"1898\">Zugang zu Ihren Daten zu beantragen<\/p><\/li><li data-start=\"1899\" data-end=\"1924\"><p data-start=\"1901\" data-end=\"1924\">Unrichtige Daten zu korrigieren<\/p><\/li><li data-start=\"1925\" data-end=\"1969\"><p data-start=\"1927\" data-end=\"1969\">Ihre Daten zu l\u00f6schen (\u201eRecht auf Vergessenwerden\u201c)<\/p><\/li><li data-start=\"1970\" data-end=\"2004\"><p data-start=\"1972\" data-end=\"2004\">Die Verarbeitung einzuschr\u00e4nken oder ihr zu widersprechen<\/p><\/li><li data-start=\"2005\" data-end=\"2064\"><p data-start=\"2007\" data-end=\"2064\">Daten\u00fcbertragbarkeit (Ihre Daten in einem Standardformat zu erhalten)<\/p><\/li><li data-start=\"2065\" data-end=\"2095\"><p data-start=\"2067\" data-end=\"2095\">Die Einwilligung jederzeit zu widerrufen<\/p><\/li><\/ul><p data-start=\"2097\" data-end=\"2290\">Um Ihre Rechte auszu\u00fcben, kontaktieren Sie uns bitte unter <strong data-start=\"2136\" data-end=\"2161\"><a class=\"decorated-link cursor-pointer\" rel=\"noopener\" data-start=\"2138\" data-end=\"2159\">info@non-dilutive-funding.com<\/a><\/strong> . Sie haben auch das Recht, eine Beschwerde bei der deutschen Datenschutzbeh\u00f6rde oder Ihrer \u00f6rtlichen Aufsichtsbeh\u00f6rde einzureichen.<\/p><hr data-start=\"2292\" data-end=\"2295\"><h3 data-start=\"2297\" data-end=\"2321\">7. Datensicherheit<\/h3><p data-start=\"2323\" data-end=\"2501\">Wir verwenden SSL\/TLS-Verschl\u00fcsselung, um die Daten\u00fcbertragung zu sch\u00fctzen. Trotzdem kann die internetbasierte Daten\u00fcbertragung Sicherheitsl\u00fccken aufweisen. Wir k\u00f6nnen keinen absoluten Schutz garantieren.  <\/p><hr data-start=\"2503\" data-end=\"2506\"><h3 data-start=\"2508\" data-end=\"2533\">8. <strong data-start=\"2515\" data-end=\"2533\">Verwendung von Cookies<\/strong><\/h3><p data-start=\"2535\" data-end=\"2701\">Diese Website verwendet Cookies, um die Benutzerfreundlichkeit zu verbessern und den Traffic zu analysieren. Einige Cookies sind f\u00fcr die Funktionalit\u00e4t unerl\u00e4sslich, w\u00e4hrend andere uns helfen, das Nutzerverhalten zu verstehen. <\/p><p data-start=\"2703\" data-end=\"2811\">Sie k\u00f6nnen Cookies in Ihren Browsereinstellungen verwalten oder blockieren. Das Deaktivieren von Cookies kann einige Website-Funktionen einschr\u00e4nken. <\/p><p data-start=\"2813\" data-end=\"2840\"><strong data-start=\"2813\" data-end=\"2840\">Verwendete Cookie-Kategorien:<\/strong><\/p><ul data-start=\"2842\" data-end=\"2977\"><li data-start=\"2842\" data-end=\"2888\"><p data-start=\"2844\" data-end=\"2888\">Essentielle Cookies (z. B. Sitzungsverwaltung)<\/p><\/li><li data-start=\"2889\" data-end=\"2933\"><p data-start=\"2891\" data-end=\"2933\">Analyse-Cookies (z. B. Google Analytics)<\/p><\/li><li data-start=\"2934\" data-end=\"2977\"><p data-start=\"2936\" data-end=\"2977\">Drittanbieter-Integrationen (z. B. LinkedIn)<\/p><\/li><\/ul><hr data-start=\"2979\" data-end=\"2982\"><h3 data-start=\"2984\" data-end=\"3010\">9. <strong data-start=\"2991\" data-end=\"3010\">Analyse-Tools<\/strong><\/h3><h4 data-start=\"3012\" data-end=\"3035\">Google Analytics<\/h4><p data-start=\"3036\" data-end=\"3218\">Wir verwenden Google Analytics, um Nutzungsmuster zu analysieren. Die IP-Anonymisierung ist aktiviert. Die Daten werden an Google-Server in den USA \u00fcbertragen und unter strengen Datenverarbeitungsvereinbarungen verarbeitet.  <\/p><p data-start=\"3220\" data-end=\"3314\">Sie k\u00f6nnen sich abmelden mit:<br data-start=\"3242\" data-end=\"3245\"><a class=\"decorated-link cursor-pointer\" target=\"_new\" rel=\"noopener\" data-start=\"3245\" data-end=\"3314\">Google Opt-out Tool<\/a><\/p><h4 data-start=\"3316\" data-end=\"3338\">WordPress-Statistiken<\/h4><p data-start=\"3339\" data-end=\"3499\">Wir verwenden WordPress Stats von Automattic zur Traffic-Analyse. Ihre IP-Adresse wird anonymisiert. Sie k\u00f6nnen sich \u00fcber Folgendes abmelden:  <br data-start=\"3441\" data-end=\"3444\"><a class=\"decorated-link\" href=\"https:\/\/www.quantcast.com\/opt-out\/\" target=\"_new\" rel=\"noopener\" data-start=\"3444\" data-end=\"3499\">Quantcast Opt-out<\/a><\/p><hr data-start=\"3501\" data-end=\"3504\"><h3 data-start=\"3506\" data-end=\"3543\">10. <strong data-start=\"3514\" data-end=\"3543\">Social-Media-Integrationen<\/strong><\/h3><p data-start=\"3545\" data-end=\"3770\">Unsere Website verwendet LinkedIn-Plugins. Wenn Sie bei LinkedIn eingeloggt sind und mit diesen Elementen interagieren, kann LinkedIn Ihren Besuch Ihrem Konto zuordnen. <br data-start=\"3695\" data-end=\"3698\"><a class=\"decorated-link\" href=\"https:\/\/www.linkedin.com\/legal\/privacy-policy\" target=\"_new\" rel=\"noopener\" data-start=\"3698\" data-end=\"3770\">LinkedIn-Datenschutzrichtlinie<\/a><\/p><hr data-start=\"3772\" data-end=\"3775\"><h3 data-start=\"3777\" data-end=\"3801\">11. <strong data-start=\"3785\" data-end=\"3801\">Kontaktformular<\/strong><\/h3><p data-start=\"3803\" data-end=\"4014\">Wenn Sie unser Kontaktformular nutzen, werden die von Ihnen angegebenen Daten zum Zwecke der Bearbeitung Ihrer Anfrage gespeichert. Dies erfolgt auf Grundlage Ihrer Einwilligung gem\u00e4\u00df Art. 6(1)(a) DSGVO. Sie k\u00f6nnen Ihre Einwilligung jederzeit widerrufen.  <\/p><hr data-start=\"4016\" data-end=\"4019\"><h3 data-start=\"4021\" data-end=\"4057\">12. <strong data-start=\"4029\" data-end=\"4057\">E-Mail &amp; Direktmarketing<\/strong><\/h3><p data-start=\"4059\" data-end=\"4171\">Wir verwenden Ihre Daten nicht ohne ausdr\u00fcckliche Einwilligung f\u00fcr Marketingzwecke. Wir versenden keine unerw\u00fcnschte Werbung. <\/p><hr data-start=\"4173\" data-end=\"4176\"><h3 data-start=\"4178\" data-end=\"4212\">13. <strong data-start=\"4186\" data-end=\"4212\">\u00c4nderungen an dieser Richtlinie<\/strong><\/h3><p data-start=\"4214\" data-end=\"4309\">Wir k\u00f6nnen diese Richtlinie gelegentlich aktualisieren. Die aktuelle Version ist immer auf unserer Website verf\u00fcgbar. <\/p>\t\t\t\t\t\t\t\t<\/div>\n\t\t\t\t<\/div>\n\t\t\t\t\t<\/div>\n\t\t\t\t<\/div>\n\t\t\t\t<\/div>\n\t\t","protected":false},"excerpt":{"rendered":"<p>Datenschutzrichtlinie 1. \u00dcberblick Was diese Richtlinie abdeckt Diese Datenschutzerkl\u00e4rung erl\u00e4utert, wie wir Ihre personenbezogenen Daten erfassen, verarbeiten und sch\u00fctzen, wenn Sie unsere Website besuchen oder mit uns interagieren. \u201ePersonenbezogene Daten\u201c sind alle Informationen, die Sie direkt oder indirekt identifizieren k\u00f6nnen. 2. Kontakt des Verantwortlichen Verantwortlicher f\u00fcr die Datenverarbeitung:Key Progress Makers Advisory GmbHGesch\u00e4ftsf\u00fchrer: Kai Philipp MalzerBrandaustra\u00dfe [&hellip;]<\/p>\n","protected":false},"author":1,"featured_media":0,"parent":0,"menu_order":0,"comment_status":"closed","ping_status":"closed","template":"","meta":{"_acf_changed":false,"footnotes":""},"class_list":["post-1101","page","type-page","status-publish","hentry"],"acf":[],"_links":{"self":[{"href":"https:\/\/non-dilutive-funding.com\/de\/wp-json\/wp\/v2\/pages\/1101","targetHints":{"allow":["GET"]}}],"collection":[{"href":"https:\/\/non-dilutive-funding.com\/de\/wp-json\/wp\/v2\/pages"}],"about":[{"href":"https:\/\/non-dilutive-funding.com\/de\/wp-json\/wp\/v2\/types\/page"}],"author":[{"embeddable":true,"href":"https:\/\/non-dilutive-funding.com\/de\/wp-json\/wp\/v2\/users\/1"}],"replies":[{"embeddable":true,"href":"https:\/\/non-dilutive-funding.com\/de\/wp-json\/wp\/v2\/comments?post=1101"}],"version-history":[{"count":4,"href":"https:\/\/non-dilutive-funding.com\/de\/wp-json\/wp\/v2\/pages\/1101\/revisions"}],"predecessor-version":[{"id":2218,"href":"https:\/\/non-dilutive-funding.com\/de\/wp-json\/wp\/v2\/pages\/1101\/revisions\/2218"}],"wp:attachment":[{"href":"https:\/\/non-dilutive-funding.com\/de\/wp-json\/wp\/v2\/media?parent=1101"}],"curies":[{"name":"wp","href":"https:\/\/api.w.org\/{rel}","templated":true}]}}